{"id":3397,"date":"2022-11-09T17:02:20","date_gmt":"2022-11-09T16:02:20","guid":{"rendered":"https:\/\/gossa.travel\/?page_id=3397"},"modified":"2025-02-14T17:34:54","modified_gmt":"2025-02-14T16:34:54","slug":"mentions-legales","status":"publish","type":"page","link":"https:\/\/gossa.travel\/en\/mentions-legales\/","title":{"rendered":"Legal Notice"},"content":{"rendered":"<div data-elementor-type=\"wp-page\" data-elementor-id=\"3397\" class=\"elementor elementor-3397\">\n\t\t\t\t\t\t<section class=\"elementor-section elementor-top-section elementor-element elementor-element-17e543c elementor-section-height-min-height elementor-section-boxed elementor-section-height-default elementor-section-items-middle\" data-id=\"17e543c\" data-element_type=\"section\" data-e-type=\"section\" data-settings=\"{&quot;background_background&quot;:&quot;classic&quot;}\">\n\t\t\t\t\t\t\t<div class=\"elementor-background-overlay\"><\/div>\n\t\t\t\t\t\t\t<div class=\"elementor-container elementor-column-gap-no\">\n\t\t\t\t\t<div class=\"elementor-column elementor-col-100 elementor-top-column elementor-element elementor-element-08b626d\" data-id=\"08b626d\" data-element_type=\"column\" data-e-type=\"column\" data-settings=\"{&quot;background_background&quot;:&quot;classic&quot;}\">\n\t\t\t<div class=\"elementor-widget-wrap elementor-element-populated\">\n\t\t\t\t\t\t<div class=\"elementor-element elementor-element-8b1e7f2 elementor-widget elementor-widget-heading\" data-id=\"8b1e7f2\" data-element_type=\"widget\" data-e-type=\"widget\" data-widget_type=\"heading.default\">\n\t\t\t\t<div class=\"elementor-widget-container\">\n\t\t\t\t\t<h1 class=\"elementor-heading-title elementor-size-default\">Legal Notice<\/h1>\t\t\t\t<\/div>\n\t\t\t\t<\/div>\n\t\t\t\t\t<\/div>\n\t\t<\/div>\n\t\t\t\t\t<\/div>\n\t\t<\/section>\n\t\t\t\t<section class=\"elementor-section elementor-top-section elementor-element elementor-element-7ebd561 elementor-reverse-tablet elementor-reverse-mobile elementor-section-boxed elementor-section-height-default elementor-section-height-default\" data-id=\"7ebd561\" data-element_type=\"section\" data-e-type=\"section\" data-settings=\"{&quot;background_background&quot;:&quot;classic&quot;}\">\n\t\t\t\t\t\t\t<div class=\"elementor-background-overlay\"><\/div>\n\t\t\t\t\t\t\t<div class=\"elementor-container elementor-column-gap-default\">\n\t\t\t\t\t<div class=\"elementor-column elementor-col-50 elementor-top-column elementor-element elementor-element-1c767cc\" data-id=\"1c767cc\" data-element_type=\"column\" data-e-type=\"column\">\n\t\t\t<div class=\"elementor-widget-wrap\">\n\t\t\t\t\t\t\t<\/div>\n\t\t<\/div>\n\t\t\t\t<div class=\"elementor-column elementor-col-50 elementor-top-column elementor-element elementor-element-08c82ad\" data-id=\"08c82ad\" data-element_type=\"column\" data-e-type=\"column\">\n\t\t\t<div class=\"elementor-widget-wrap elementor-element-populated\">\n\t\t\t\t\t\t<div class=\"elementor-element elementor-element-3170904 elementor-widget elementor-widget-text-editor\" data-id=\"3170904\" data-element_type=\"widget\" data-e-type=\"widget\" data-widget_type=\"text-editor.default\">\n\t\t\t\t<div class=\"elementor-widget-container\">\n\t\t\t\t\t\t\t\t\t<p>Soucieux des droits des individus, notamment au regard des traitements automatis\u00e9s et dans une volont\u00e9 de transparence avec ses clients, les associ\u00e9s A&amp;P, sous le nom GOSSA, ont mis en place une politique reprenant l\u2019ensemble de ces traitements, des finalit\u00e9s poursuivies par ces derniers ainsi que des moyens d\u2019actions \u00e0 la disposition des individus afin qu\u2019ils puissent au mieux exercer leurs droits.<\/p><p>For any additional information on the protection of personal data, we invite you to consult the site: https:\/\/www.cnil.fr\/<\/p><p>By continuing to browse this site, you accept without reservation the following provisions and conditions of use. The version of these terms of use currently online is the only one that can be enforced during the entire period of use of the site and until a new version replaces it.<\/p><p><strong>Article 1 - Legal notice<\/strong><\/p><p><strong>1.1 Site (ci-apr\u00e8s \u00ab le site \u00bb) :<br \/><\/strong>Gossa Travel<\/p><p><strong>1.1 Site (hereinafter \"the Site\"):<br \/><\/strong>Patricia Chatchueng<br \/>&#8211; adresse mail : hello@gossa.travel<\/p><p><strong>1.3 Host (hereinafter \"the Host\") :<br \/><\/strong>Gossa Travel is hosted by IONOS, whose headquarters are located at 7 PL DE LA GARE 57200 SARREGUEMINES .<\/p><p><strong>Article 2 - Access to the site<\/strong><\/p><p>Access to and use of the site is strictly for personal use. You agree not to use this site and the information or data contained therein for commercial, political or advertising purposes or for any form of commercial solicitation, including the sending of unsolicited e-mail.<\/p><p><strong>Article 3 - Content of the site<\/strong><\/p><p>All trademarks, photographs, texts, comments, illustrations, images (animated or not), video sequences, sounds, as well as all computer applications that could be used to operate this site and more generally all elements reproduced or used on the site are protected by the laws in force under intellectual property.<\/p><p>They are the full and entire property of the editor or its partners. Any reproduction, representation, use or adaptation, in any form whatsoever, of all or part of these elements, including computer applications, without the prior written consent of the publisher, is strictly prohibited. The fact that the publisher does not initiate proceedings upon becoming aware of such unauthorized use does not constitute acceptance of said use and waiver of proceedings.<\/p><p><strong>Article 4 - Site Management<\/strong><\/p><p>For the good management of the site, the editor can at any time :<br \/>- suspend, interrupt or limit access to all or part of the site, reserve access to the site, or to certain parts of the site, to a specific category of Internet users;<\/p><p>- delete any information that may disrupt its operation or contravene national or international laws;<\/p><p>- suspend the site in order to make updates.<\/p><p><strong>Article 5 - Responsibilities<\/strong><\/p><p>The responsibility of the editor cannot be committed in the event of failure, breakdown, difficulty or interruption of operation, preventing the access to the site or to one of its functionalities.<\/p><p>The equipment you use to connect to the site is your sole responsibility. You must take all appropriate measures to protect your equipment and your own data, in particular from viral attacks via the Internet. You are also solely responsible for the sites and data you consult.<\/p><p>The publisher cannot be held responsible for any legal action taken against you:<br \/>- due to the use of the site or any service accessible via the Internet;<br \/>- due to your failure to comply with these terms and conditions.<br \/>The publisher is not responsible for any damage caused to you, third parties and\/or your equipment as a result of your connection to or use of the site and you waive any claim against the publisher as a result.<\/p><p>If the editor should be the object of an amicable or legal procedure because of your use of the site, he will be able to turn against you to obtain the compensation of all the prejudices, sums, condemnations and expenses which could result from this procedure.<\/p>\t\t\t\t\t\t\t\t<\/div>\n\t\t\t\t<\/div>\n\t\t\t\t\t<\/div>\n\t\t<\/div>\n\t\t\t\t\t<\/div>\n\t\t<\/section>\n\t\t\t\t<section class=\"elementor-section elementor-top-section elementor-element elementor-element-b3ce298 elementor-section-boxed elementor-section-height-default elementor-section-height-default\" data-id=\"b3ce298\" data-element_type=\"section\" data-e-type=\"section\" data-settings=\"{&quot;background_background&quot;:&quot;classic&quot;}\">\n\t\t\t\t\t\t<div class=\"elementor-container elementor-column-gap-default\">\n\t\t\t\t\t<div class=\"elementor-column elementor-col-25 elementor-top-column elementor-element elementor-element-8f0c457\" data-id=\"8f0c457\" data-element_type=\"column\" data-e-type=\"column\">\n\t\t\t<div class=\"elementor-widget-wrap elementor-element-populated\">\n\t\t\t\t\t\t<div class=\"elementor-element elementor-element-f486299 elementor-widget elementor-widget-heading\" data-id=\"f486299\" data-element_type=\"widget\" data-e-type=\"widget\" data-widget_type=\"heading.default\">\n\t\t\t\t<div class=\"elementor-widget-container\">\n\t\t\t\t\t<h4 class=\"elementor-heading-title elementor-size-default\">ABOUT US<\/h4>\t\t\t\t<\/div>\n\t\t\t\t<\/div>\n\t\t\t\t<div class=\"elementor-element elementor-element-81185bf elementor-widget elementor-widget-text-editor\" data-id=\"81185bf\" data-element_type=\"widget\" data-e-type=\"widget\" data-widget_type=\"text-editor.default\">\n\t\t\t\t<div class=\"elementor-widget-container\">\n\t\t\t\t\t\t\t\t\t<div dir=\"auto\">Gossa offers dance aficionados some unique travel experiences around their passion, and the opportunity for total immersion in the local culture.\u00a0<\/div><div dir=\"auto\"><strong>Our mission: to make our beautiful planet a huge dance studio !<\/strong><\/div>\t\t\t\t\t\t\t\t<\/div>\n\t\t\t\t<\/div>\n\t\t\t\t\t<\/div>\n\t\t<\/div>\n\t\t\t\t<div class=\"elementor-column elementor-col-25 elementor-top-column elementor-element elementor-element-255232b\" data-id=\"255232b\" data-element_type=\"column\" data-e-type=\"column\">\n\t\t\t<div class=\"elementor-widget-wrap elementor-element-populated\">\n\t\t\t\t\t\t<div class=\"elementor-element elementor-element-e54c7d1 elementor-widget elementor-widget-heading\" data-id=\"e54c7d1\" data-element_type=\"widget\" data-e-type=\"widget\" data-widget_type=\"heading.default\">\n\t\t\t\t<div class=\"elementor-widget-container\">\n\t\t\t\t\t<h4 class=\"elementor-heading-title elementor-size-default\">DESTINATIONS<\/h4>\t\t\t\t<\/div>\n\t\t\t\t<\/div>\n\t\t\t\t<div class=\"elementor-element elementor-element-d3da002 elementor-icon-list--layout-traditional elementor-list-item-link-full_width elementor-widget elementor-widget-icon-list\" data-id=\"d3da002\" data-element_type=\"widget\" data-e-type=\"widget\" data-widget_type=\"icon-list.default\">\n\t\t\t\t<div class=\"elementor-widget-container\">\n\t\t\t\t\t\t\t<ul class=\"elementor-icon-list-items\">\n\t\t\t\t\t\t\t<li class=\"elementor-icon-list-item\">\n\t\t\t\t\t\t\t\t\t\t\t<a href=\"https:\/\/gossa.travel\/en\/cote-divoire-afro-avec-boun-2024\/\">\n\n\t\t\t\t\t\t\t\t\t\t\t\t<span class=\"elementor-icon-list-icon\">\n\t\t\t\t\t\t\t<i aria-hidden=\"true\" class=\"fas fa-map-marker-alt\"><\/i>\t\t\t\t\t\t<\/span>\n\t\t\t\t\t\t\t\t\t\t<span class=\"elementor-icon-list-text\">Abidjan<\/span>\n\t\t\t\t\t\t\t\t\t\t\t<\/a>\n\t\t\t\t\t\t\t\t\t<\/li>\n\t\t\t\t\t\t\t\t<li class=\"elementor-icon-list-item\">\n\t\t\t\t\t\t\t\t\t\t\t<a href=\"https:\/\/gossa.travel\/en\/johannesbourg2024\/\">\n\n\t\t\t\t\t\t\t\t\t\t\t\t<span class=\"elementor-icon-list-icon\">\n\t\t\t\t\t\t\t<i aria-hidden=\"true\" class=\"fas fa-map-marker-alt\"><\/i>\t\t\t\t\t\t<\/span>\n\t\t\t\t\t\t\t\t\t\t<span class=\"elementor-icon-list-text\">Johannesburg<\/span>\n\t\t\t\t\t\t\t\t\t\t\t<\/a>\n\t\t\t\t\t\t\t\t\t<\/li>\n\t\t\t\t\t\t<\/ul>\n\t\t\t\t\t\t<\/div>\n\t\t\t\t<\/div>\n\t\t\t\t\t<\/div>\n\t\t<\/div>\n\t\t\t\t<div class=\"elementor-column elementor-col-25 elementor-top-column elementor-element elementor-element-bde8db1\" data-id=\"bde8db1\" data-element_type=\"column\" data-e-type=\"column\">\n\t\t\t<div class=\"elementor-widget-wrap elementor-element-populated\">\n\t\t\t\t\t\t<div class=\"elementor-element elementor-element-406f645 elementor-widget elementor-widget-heading\" data-id=\"406f645\" data-element_type=\"widget\" data-e-type=\"widget\" data-widget_type=\"heading.default\">\n\t\t\t\t<div class=\"elementor-widget-container\">\n\t\t\t\t\t<h4 class=\"elementor-heading-title elementor-size-default\">TERMS &amp; CONDITIONS<\/h4>\t\t\t\t<\/div>\n\t\t\t\t<\/div>\n\t\t\t\t<div class=\"elementor-element elementor-element-c2103e7 elementor-icon-list--layout-traditional elementor-list-item-link-full_width elementor-widget elementor-widget-icon-list\" data-id=\"c2103e7\" data-element_type=\"widget\" data-e-type=\"widget\" data-widget_type=\"icon-list.default\">\n\t\t\t\t<div class=\"elementor-widget-container\">\n\t\t\t\t\t\t\t<ul class=\"elementor-icon-list-items\">\n\t\t\t\t\t\t\t<li class=\"elementor-icon-list-item\">\n\t\t\t\t\t\t\t\t\t\t\t<a href=\"https:\/\/gossa.travel\/en\/faq\/\">\n\n\t\t\t\t\t\t\t\t\t\t\t\t<span class=\"elementor-icon-list-icon\">\n\t\t\t\t\t\t\t<i aria-hidden=\"true\" class=\"fas fa-question\"><\/i>\t\t\t\t\t\t<\/span>\n\t\t\t\t\t\t\t\t\t\t<span class=\"elementor-icon-list-text\">FAQ<\/span>\n\t\t\t\t\t\t\t\t\t\t\t<\/a>\n\t\t\t\t\t\t\t\t\t<\/li>\n\t\t\t\t\t\t\t\t<li class=\"elementor-icon-list-item\">\n\t\t\t\t\t\t\t\t\t\t\t<a href=\"https:\/\/gossa.travel\/en\/cgv-cgu\/\">\n\n\t\t\t\t\t\t\t\t\t\t\t\t<span class=\"elementor-icon-list-icon\">\n\t\t\t\t\t\t\t<i aria-hidden=\"true\" class=\"fas fa-info-circle\"><\/i>\t\t\t\t\t\t<\/span>\n\t\t\t\t\t\t\t\t\t\t<span class=\"elementor-icon-list-text\">Terms of sale<\/span>\n\t\t\t\t\t\t\t\t\t\t\t<\/a>\n\t\t\t\t\t\t\t\t\t<\/li>\n\t\t\t\t\t\t\t\t<li class=\"elementor-icon-list-item\">\n\t\t\t\t\t\t\t\t\t\t\t<a href=\"https:\/\/gossa.travel\/en\/politique-de-confidentialite\/\">\n\n\t\t\t\t\t\t\t\t\t\t\t\t<span class=\"elementor-icon-list-icon\">\n\t\t\t\t\t\t\t<i aria-hidden=\"true\" class=\"fas fa-info-circle\"><\/i>\t\t\t\t\t\t<\/span>\n\t\t\t\t\t\t\t\t\t\t<span class=\"elementor-icon-list-text\">Privacy policy<\/span>\n\t\t\t\t\t\t\t\t\t\t\t<\/a>\n\t\t\t\t\t\t\t\t\t<\/li>\n\t\t\t\t\t\t\t\t<li class=\"elementor-icon-list-item\">\n\t\t\t\t\t\t\t\t\t\t\t<a href=\"https:\/\/gossa.travel\/en\/mentions-legales\/\">\n\n\t\t\t\t\t\t\t\t\t\t\t\t<span class=\"elementor-icon-list-icon\">\n\t\t\t\t\t\t\t<i aria-hidden=\"true\" class=\"fas fa-info-circle\"><\/i>\t\t\t\t\t\t<\/span>\n\t\t\t\t\t\t\t\t\t\t<span class=\"elementor-icon-list-text\">Legal Notice <\/span>\n\t\t\t\t\t\t\t\t\t\t\t<\/a>\n\t\t\t\t\t\t\t\t\t<\/li>\n\t\t\t\t\t\t<\/ul>\n\t\t\t\t\t\t<\/div>\n\t\t\t\t<\/div>\n\t\t\t\t\t<\/div>\n\t\t<\/div>\n\t\t\t\t<div class=\"elementor-column elementor-col-25 elementor-top-column elementor-element elementor-element-bec5e07\" data-id=\"bec5e07\" data-element_type=\"column\" data-e-type=\"column\">\n\t\t\t<div class=\"elementor-widget-wrap elementor-element-populated\">\n\t\t\t\t\t\t<div class=\"elementor-element elementor-element-6018083 elementor-widget elementor-widget-image\" data-id=\"6018083\" data-element_type=\"widget\" data-e-type=\"widget\" data-widget_type=\"image.default\">\n\t\t\t\t<div class=\"elementor-widget-container\">\n\t\t\t\t\t\t\t\t\t\t\t\t\t\t\t<img fetchpriority=\"high\" decoding=\"async\" width=\"408\" height=\"282\" src=\"https:\/\/gossa.travel\/wp-content\/uploads\/2022\/10\/PAIMENT-SECURISE\u0301.png\" class=\"attachment-medium_large size-medium_large wp-image-2161\" alt=\"\" srcset=\"https:\/\/gossa.travel\/wp-content\/uploads\/2022\/10\/PAIMENT-SECURISE\u0301.png 408w, https:\/\/gossa.travel\/wp-content\/uploads\/2022\/10\/PAIMENT-SECURISE\u0301-300x207.png 300w\" sizes=\"(max-width: 408px) 100vw, 408px\" \/>\t\t\t\t\t\t\t\t\t\t\t\t\t\t\t<\/div>\n\t\t\t\t<\/div>\n\t\t\t\t<div class=\"elementor-element elementor-element-9492189 elementor-widget elementor-widget-heading\" data-id=\"9492189\" data-element_type=\"widget\" data-e-type=\"widget\" data-widget_type=\"heading.default\">\n\t\t\t\t<div class=\"elementor-widget-container\">\n\t\t\t\t\t<h4 class=\"elementor-heading-title elementor-size-default\">SOCIAL MEDIA<\/h4>\t\t\t\t<\/div>\n\t\t\t\t<\/div>\n\t\t\t\t<div class=\"elementor-element elementor-element-55f2ed4 e-grid-align-left elementor-shape-rounded elementor-grid-0 elementor-widget elementor-widget-social-icons\" data-id=\"55f2ed4\" data-element_type=\"widget\" data-e-type=\"widget\" data-widget_type=\"social-icons.default\">\n\t\t\t\t<div class=\"elementor-widget-container\">\n\t\t\t\t\t\t\t<div class=\"elementor-social-icons-wrapper elementor-grid\" role=\"list\">\n\t\t\t\t\t\t\t<span class=\"elementor-grid-item\" role=\"listitem\">\n\t\t\t\t\t<a class=\"elementor-icon elementor-social-icon elementor-social-icon-facebook elementor-repeater-item-b0346f0\" href=\"https:\/\/www.facebook.com\/profile.php?id=100086051238308\" target=\"_blank\">\n\t\t\t\t\t\t<span class=\"elementor-screen-only\">Facebook<\/span>\n\t\t\t\t\t\t<i aria-hidden=\"true\" class=\"fab fa-facebook\"><\/i>\t\t\t\t\t<\/a>\n\t\t\t\t<\/span>\n\t\t\t\t\t\t\t<span class=\"elementor-grid-item\" role=\"listitem\">\n\t\t\t\t\t<a class=\"elementor-icon elementor-social-icon elementor-social-icon-instagram elementor-repeater-item-2ea04b6\" href=\"https:\/\/www.instagram.com\/gossatravel\/\" target=\"_blank\">\n\t\t\t\t\t\t<span class=\"elementor-screen-only\">Instagram<\/span>\n\t\t\t\t\t\t<i aria-hidden=\"true\" class=\"fab fa-instagram\"><\/i>\t\t\t\t\t<\/a>\n\t\t\t\t<\/span>\n\t\t\t\t\t\t\t<span class=\"elementor-grid-item\" role=\"listitem\">\n\t\t\t\t\t<a class=\"elementor-icon elementor-social-icon elementor-social-icon-whatsapp elementor-repeater-item-7b15e08\" href=\"https:\/\/wa.me\/33624805153\" target=\"_blank\">\n\t\t\t\t\t\t<span class=\"elementor-screen-only\">Whatsapp<\/span>\n\t\t\t\t\t\t<i aria-hidden=\"true\" class=\"fab fa-whatsapp\"><\/i>\t\t\t\t\t<\/a>\n\t\t\t\t<\/span>\n\t\t\t\t\t<\/div>\n\t\t\t\t\t\t<\/div>\n\t\t\t\t<\/div>\n\t\t\t\t\t<\/div>\n\t\t<\/div>\n\t\t\t\t\t<\/div>\n\t\t<\/section>\n\t\t\t\t<\/div>","protected":false},"excerpt":{"rendered":"<p>Mentions l\u00e9gales Soucieux des droits des individus, notamment au regard des traitements automatis\u00e9s et dans une volont\u00e9 de transparence avec ses clients, les associ\u00e9s A&amp;P, sous le nom GOSSA, ont mis en place une politique reprenant l\u2019ensemble de ces traitements, des finalit\u00e9s poursuivies par ces derniers ainsi que des moyens d\u2019actions \u00e0 la disposition des&#8230;<\/p>","protected":false},"author":1,"featured_media":0,"parent":0,"menu_order":0,"comment_status":"closed","ping_status":"closed","template":"","meta":{"_kad_post_transparent":"","_kad_post_title":"hide","_kad_post_layout":"fullwidth","_kad_post_sidebar_id":"","_kad_post_content_style":"unboxed","_kad_post_vertical_padding":"hide","_kad_post_feature":"hide","_kad_post_feature_position":"","_kad_post_header":false,"_kad_post_footer":false,"_kad_post_classname":"","_joinchat":[],"footnotes":""},"class_list":["post-3397","page","type-page","status-publish","hentry"],"yoast_head":"<!-- This site is optimized with the Yoast SEO plugin v27.4 - https:\/\/yoast.com\/product\/yoast-seo-wordpress\/ -->\n<title>Mentions l\u00e9gales - Gossa Travel, s\u00e9jours de danse dans le monde<\/title>\n<meta name=\"description\" content=\"Trouvez nos mentions l\u00e9gales sur cette page, toutes les r\u00e9ponses \u00e0 vos questions sur les voyages Gossa Travel son dans notre FAQ.\" \/>\n<meta name=\"robots\" content=\"index, follow, max-snippet:-1, max-image-preview:large, max-video-preview:-1\" \/>\n<link rel=\"canonical\" href=\"https:\/\/gossa.travel\/en\/mentions-legales\/\" \/>\n<meta property=\"og:locale\" content=\"en_US\" \/>\n<meta property=\"og:type\" content=\"article\" \/>\n<meta property=\"og:title\" content=\"Mentions l\u00e9gales - Gossa Travel, s\u00e9jours de danse dans le monde\" \/>\n<meta property=\"og:description\" content=\"Trouvez nos mentions l\u00e9gales sur cette page, toutes les r\u00e9ponses \u00e0 vos questions sur les voyages Gossa Travel son dans notre FAQ.\" \/>\n<meta property=\"og:url\" content=\"https:\/\/gossa.travel\/en\/mentions-legales\/\" \/>\n<meta property=\"og:site_name\" content=\"Gossa Travel\" \/>\n<meta property=\"article:publisher\" content=\"https:\/\/www.facebook.com\/profile.php?id=100086051238308\" \/>\n<meta property=\"article:modified_time\" content=\"2025-02-14T16:34:54+00:00\" \/>\n<meta name=\"twitter:card\" content=\"summary_large_image\" \/>\n<meta name=\"twitter:label1\" content=\"Est. reading time\" \/>\n\t<meta name=\"twitter:data1\" content=\"4 minutes\" \/>\n<script type=\"application\/ld+json\" class=\"yoast-schema-graph\">{\"@context\":\"https:\\\/\\\/schema.org\",\"@graph\":[{\"@type\":\"WebPage\",\"@id\":\"https:\\\/\\\/gossa.travel\\\/mentions-legales\\\/\",\"url\":\"https:\\\/\\\/gossa.travel\\\/mentions-legales\\\/\",\"name\":\"Mentions l\u00e9gales - Gossa Travel, s\u00e9jours de danse dans le monde\",\"isPartOf\":{\"@id\":\"https:\\\/\\\/gossa.travel\\\/#website\"},\"datePublished\":\"2022-11-09T16:02:20+00:00\",\"dateModified\":\"2025-02-14T16:34:54+00:00\",\"description\":\"Trouvez nos mentions l\u00e9gales sur cette page, toutes les r\u00e9ponses \u00e0 vos questions sur les voyages Gossa Travel son dans notre FAQ.\",\"breadcrumb\":{\"@id\":\"https:\\\/\\\/gossa.travel\\\/mentions-legales\\\/#breadcrumb\"},\"inLanguage\":\"en-US\",\"potentialAction\":[{\"@type\":\"ReadAction\",\"target\":[\"https:\\\/\\\/gossa.travel\\\/mentions-legales\\\/\"]}]},{\"@type\":\"BreadcrumbList\",\"@id\":\"https:\\\/\\\/gossa.travel\\\/mentions-legales\\\/#breadcrumb\",\"itemListElement\":[{\"@type\":\"ListItem\",\"position\":1,\"name\":\"Accueil\",\"item\":\"https:\\\/\\\/gossa.travel\\\/\"},{\"@type\":\"ListItem\",\"position\":2,\"name\":\"Mentions l\u00e9gales\"}]},{\"@type\":\"WebSite\",\"@id\":\"https:\\\/\\\/gossa.travel\\\/#website\",\"url\":\"https:\\\/\\\/gossa.travel\\\/\",\"name\":\"Gossa Travel\",\"description\":\"Travel &amp; Dance\",\"publisher\":{\"@id\":\"https:\\\/\\\/gossa.travel\\\/#organization\"},\"potentialAction\":[{\"@type\":\"SearchAction\",\"target\":{\"@type\":\"EntryPoint\",\"urlTemplate\":\"https:\\\/\\\/gossa.travel\\\/?s={search_term_string}\"},\"query-input\":{\"@type\":\"PropertyValueSpecification\",\"valueRequired\":true,\"valueName\":\"search_term_string\"}}],\"inLanguage\":\"en-US\"},{\"@type\":\"Organization\",\"@id\":\"https:\\\/\\\/gossa.travel\\\/#organization\",\"name\":\"Gossa Travel\",\"url\":\"https:\\\/\\\/gossa.travel\\\/\",\"logo\":{\"@type\":\"ImageObject\",\"inLanguage\":\"en-US\",\"@id\":\"https:\\\/\\\/gossa.travel\\\/#\\\/schema\\\/logo\\\/image\\\/\",\"url\":\"https:\\\/\\\/gossa.travel\\\/wp-content\\\/uploads\\\/2022\\\/10\\\/GOSSA-TRAVEL-LOGO-1.png\",\"contentUrl\":\"https:\\\/\\\/gossa.travel\\\/wp-content\\\/uploads\\\/2022\\\/10\\\/GOSSA-TRAVEL-LOGO-1.png\",\"width\":8632,\"height\":3124,\"caption\":\"Gossa Travel\"},\"image\":{\"@id\":\"https:\\\/\\\/gossa.travel\\\/#\\\/schema\\\/logo\\\/image\\\/\"},\"sameAs\":[\"https:\\\/\\\/www.facebook.com\\\/profile.php?id=100086051238308\",\"https:\\\/\\\/www.instagram.com\\\/gossatravel\\\/\"]}]}<\/script>\n<!-- \/ Yoast SEO plugin. -->","yoast_head_json":{"title":"Mentions l\u00e9gales - Gossa Travel, s\u00e9jours de danse dans le monde","description":"Trouvez nos mentions l\u00e9gales sur cette page, toutes les r\u00e9ponses \u00e0 vos questions sur les voyages Gossa Travel son dans notre FAQ.","robots":{"index":"index","follow":"follow","max-snippet":"max-snippet:-1","max-image-preview":"max-image-preview:large","max-video-preview":"max-video-preview:-1"},"canonical":"https:\/\/gossa.travel\/en\/mentions-legales\/","og_locale":"en_US","og_type":"article","og_title":"Mentions l\u00e9gales - Gossa Travel, s\u00e9jours de danse dans le monde","og_description":"Trouvez nos mentions l\u00e9gales sur cette page, toutes les r\u00e9ponses \u00e0 vos questions sur les voyages Gossa Travel son dans notre FAQ.","og_url":"https:\/\/gossa.travel\/en\/mentions-legales\/","og_site_name":"Gossa Travel","article_publisher":"https:\/\/www.facebook.com\/profile.php?id=100086051238308","article_modified_time":"2025-02-14T16:34:54+00:00","twitter_card":"summary_large_image","twitter_misc":{"Est. reading time":"4 minutes"},"schema":{"@context":"https:\/\/schema.org","@graph":[{"@type":"WebPage","@id":"https:\/\/gossa.travel\/mentions-legales\/","url":"https:\/\/gossa.travel\/mentions-legales\/","name":"Mentions l\u00e9gales - Gossa Travel, s\u00e9jours de danse dans le monde","isPartOf":{"@id":"https:\/\/gossa.travel\/#website"},"datePublished":"2022-11-09T16:02:20+00:00","dateModified":"2025-02-14T16:34:54+00:00","description":"Trouvez nos mentions l\u00e9gales sur cette page, toutes les r\u00e9ponses \u00e0 vos questions sur les voyages Gossa Travel son dans notre FAQ.","breadcrumb":{"@id":"https:\/\/gossa.travel\/mentions-legales\/#breadcrumb"},"inLanguage":"en-US","potentialAction":[{"@type":"ReadAction","target":["https:\/\/gossa.travel\/mentions-legales\/"]}]},{"@type":"BreadcrumbList","@id":"https:\/\/gossa.travel\/mentions-legales\/#breadcrumb","itemListElement":[{"@type":"ListItem","position":1,"name":"Accueil","item":"https:\/\/gossa.travel\/"},{"@type":"ListItem","position":2,"name":"Mentions l\u00e9gales"}]},{"@type":"WebSite","@id":"https:\/\/gossa.travel\/#website","url":"https:\/\/gossa.travel\/","name":"Gossa Travel","description":"Travel &amp; Dance","publisher":{"@id":"https:\/\/gossa.travel\/#organization"},"potentialAction":[{"@type":"SearchAction","target":{"@type":"EntryPoint","urlTemplate":"https:\/\/gossa.travel\/?s={search_term_string}"},"query-input":{"@type":"PropertyValueSpecification","valueRequired":true,"valueName":"search_term_string"}}],"inLanguage":"en-US"},{"@type":"Organization","@id":"https:\/\/gossa.travel\/#organization","name":"Gossa Travel","url":"https:\/\/gossa.travel\/","logo":{"@type":"ImageObject","inLanguage":"en-US","@id":"https:\/\/gossa.travel\/#\/schema\/logo\/image\/","url":"https:\/\/gossa.travel\/wp-content\/uploads\/2022\/10\/GOSSA-TRAVEL-LOGO-1.png","contentUrl":"https:\/\/gossa.travel\/wp-content\/uploads\/2022\/10\/GOSSA-TRAVEL-LOGO-1.png","width":8632,"height":3124,"caption":"Gossa Travel"},"image":{"@id":"https:\/\/gossa.travel\/#\/schema\/logo\/image\/"},"sameAs":["https:\/\/www.facebook.com\/profile.php?id=100086051238308","https:\/\/www.instagram.com\/gossatravel\/"]}]}},"_links":{"self":[{"href":"https:\/\/gossa.travel\/en\/wp-json\/wp\/v2\/pages\/3397","targetHints":{"allow":["GET"]}}],"collection":[{"href":"https:\/\/gossa.travel\/en\/wp-json\/wp\/v2\/pages"}],"about":[{"href":"https:\/\/gossa.travel\/en\/wp-json\/wp\/v2\/types\/page"}],"author":[{"embeddable":true,"href":"https:\/\/gossa.travel\/en\/wp-json\/wp\/v2\/users\/1"}],"replies":[{"embeddable":true,"href":"https:\/\/gossa.travel\/en\/wp-json\/wp\/v2\/comments?post=3397"}],"version-history":[{"count":41,"href":"https:\/\/gossa.travel\/en\/wp-json\/wp\/v2\/pages\/3397\/revisions"}],"predecessor-version":[{"id":5836,"href":"https:\/\/gossa.travel\/en\/wp-json\/wp\/v2\/pages\/3397\/revisions\/5836"}],"wp:attachment":[{"href":"https:\/\/gossa.travel\/en\/wp-json\/wp\/v2\/media?parent=3397"}],"curies":[{"name":"wp","href":"https:\/\/api.w.org\/{rel}","templated":true}]}}