{"id":3124,"date":"2022-11-03T19:01:41","date_gmt":"2022-11-03T18:01:41","guid":{"rendered":"https:\/\/gossa.travel\/?post_type=product&#038;p=3124"},"modified":"2023-01-19T15:09:46","modified_gmt":"2023-01-19T14:09:46","slug":"afrique-du-sud-house-duo","status":"publish","type":"product","link":"https:\/\/gossa.travel\/en\/product\/afrique-du-sud-house-duo\/","title":{"rendered":"SOUTH AFRICA House DUO"},"content":{"rendered":"","protected":false},"excerpt":{"rendered":"<p><span style=\"font-weight: 400;\">Ready for your trip to Johannesburg from March 27th to April 2023 3rd with Kapela ?<\/span><br \/>\nTake advantage of the payment in 4 times by Paypal.<br \/>\nYou will be in a double room. If you go with your buddy, indicate his name in the Additional Information section at the time of payment.<\/p>\n<p><b>The price includes:<\/b><\/p>\n<ul>\n<li style=\"font-weight: 400;\" aria-level=\"1\"><span style=\"font-weight: 400;\">Accommodation at Hallmark House in a double bed for two people\u00a0<\/span><\/li>\n<li style=\"font-weight: 400;\" aria-level=\"1\"><span style=\"font-weight: 400;\">Breakfast<\/span><\/li>\n<li style=\"font-weight: 400;\" aria-level=\"1\"><span style=\"font-weight: 400;\">9 hours of dance with Kapela<\/span><\/li>\n<li style=\"font-weight: 400;\" aria-level=\"1\"><span style=\"font-weight: 400;\">5 hours of classes with local dancers<\/span><\/li>\n<li style=\"font-weight: 400;\" aria-level=\"1\"><span style=\"font-weight: 400;\">2 days of video shooting with Kapela\u00a0<\/span><\/li>\n<li style=\"font-weight: 400;\" aria-level=\"1\"><span style=\"font-weight: 400;\">1 city tour<\/span><\/li>\n<li style=\"font-weight: 400;\" aria-level=\"1\"><span style=\"font-weight: 400;\">1 visit of the Africa Museum<\/span><\/li>\n<\/ul>\n<p><b>The price does not include:<\/b><\/p>\n<ul>\n<li style=\"font-weight: 400;\" aria-level=\"1\"><span style=\"font-weight: 400;\">Flight ticket<\/span><\/li>\n<li style=\"font-weight: 400;\" aria-level=\"1\"><span style=\"font-weight: 400;\">Airport transfers<\/span><\/li>\n<li style=\"font-weight: 400;\" aria-level=\"1\"><span style=\"font-weight: 400;\">Other meals<\/span><\/li>\n<li style=\"font-weight: 400;\" aria-level=\"1\"><span style=\"font-weight: 400;\">Cancellation and repatriation insurance<\/span><\/li>\n<\/ul>","protected":false},"featured_media":0,"template":"","meta":{"_kad_post_transparent":"default","_kad_post_title":"","_kad_post_layout":"default","_kad_post_sidebar_id":"","_kad_post_content_style":"default","_kad_post_vertical_padding":"default","_kad_post_feature":"","_kad_post_feature_position":"","_kad_post_header":false,"_kad_post_footer":false,"_kad_post_classname":"","_joinchat":[]},"product_brand":[],"product_cat":[26],"product_tag":[],"class_list":{"0":"post-3124","1":"product","2":"type-product","3":"status-publish","5":"product_cat-afrique-du-sud","7":"first","8":"outofstock","9":"sale","10":"virtual","11":"purchasable","12":"product-type-simple","13":"entry","14":"content-bg","15":"loop-entry"},"yoast_head":"<!-- This site is optimized with the Yoast SEO plugin v27.5 - https:\/\/yoast.com\/product\/yoast-seo-wordpress\/ -->\n<title>AFRIQUE DU SUD House DUO - Gossa Travel<\/title>\n<meta name=\"description\" content=\"L\u2019AFRIQUE DU SUD avec KAPELA pour un s\u00e9jour inoubliable \u00e0 Johannesburg. Prends des cours de House et d\u00e9couvre le Pantsula, Sbujwa et le Bhenga dans le pris\u00e9 Soweto Finest Dance Studio.\" \/>\n<meta name=\"robots\" content=\"index, follow, max-snippet:-1, max-image-preview:large, max-video-preview:-1\" \/>\n<link rel=\"canonical\" href=\"https:\/\/gossa.travel\/en\/product\/afrique-du-sud-house-duo\/\" \/>\n<meta property=\"og:locale\" content=\"en_US\" \/>\n<meta property=\"og:type\" content=\"article\" \/>\n<meta property=\"og:title\" content=\"AFRIQUE DU SUD House DUO - Gossa Travel\" \/>\n<meta property=\"og:description\" content=\"L\u2019AFRIQUE DU SUD avec KAPELA pour un s\u00e9jour inoubliable \u00e0 Johannesburg. Prends des cours de House et d\u00e9couvre le Pantsula, Sbujwa et le Bhenga dans le pris\u00e9 Soweto Finest Dance Studio.\" \/>\n<meta property=\"og:url\" content=\"https:\/\/gossa.travel\/en\/product\/afrique-du-sud-house-duo\/\" \/>\n<meta property=\"og:site_name\" content=\"Gossa Travel\" \/>\n<meta property=\"article:publisher\" content=\"https:\/\/www.facebook.com\/profile.php?id=100086051238308\" \/>\n<meta property=\"article:modified_time\" content=\"2023-01-19T14:09:46+00:00\" \/>\n<meta property=\"og:image\" content=\"https:\/\/gossa.travel\/wp-content\/uploads\/2022\/11\/AGRIQUE-DU-SUD-FORMULE-duo.png\" \/>\n\t<meta property=\"og:image:width\" content=\"1000\" \/>\n\t<meta property=\"og:image:height\" content=\"1000\" \/>\n\t<meta property=\"og:image:type\" content=\"image\/png\" \/>\n<meta name=\"twitter:card\" content=\"summary_large_image\" \/>\n<script type=\"application\/ld+json\" class=\"yoast-schema-graph\">{\"@context\":\"https:\\\/\\\/schema.org\",\"@graph\":[{\"@type\":\"WebPage\",\"@id\":\"https:\\\/\\\/gossa.travel\\\/produit\\\/afrique-du-sud-house-duo\\\/\",\"url\":\"https:\\\/\\\/gossa.travel\\\/produit\\\/afrique-du-sud-house-duo\\\/\",\"name\":\"AFRIQUE DU SUD House DUO - Gossa Travel\",\"isPartOf\":{\"@id\":\"https:\\\/\\\/gossa.travel\\\/#website\"},\"datePublished\":\"2022-11-03T18:01:41+00:00\",\"dateModified\":\"2023-01-19T14:09:46+00:00\",\"description\":\"L\u2019AFRIQUE DU SUD avec KAPELA pour un s\u00e9jour inoubliable \u00e0 Johannesburg. Prends des cours de House et d\u00e9couvre le Pantsula, Sbujwa et le Bhenga dans le pris\u00e9 Soweto Finest Dance Studio.\",\"breadcrumb\":{\"@id\":\"https:\\\/\\\/gossa.travel\\\/produit\\\/afrique-du-sud-house-duo\\\/#breadcrumb\"},\"inLanguage\":\"en-US\",\"potentialAction\":[{\"@type\":\"ReadAction\",\"target\":[\"https:\\\/\\\/gossa.travel\\\/produit\\\/afrique-du-sud-house-duo\\\/\"]}]},{\"@type\":\"BreadcrumbList\",\"@id\":\"https:\\\/\\\/gossa.travel\\\/produit\\\/afrique-du-sud-house-duo\\\/#breadcrumb\",\"itemListElement\":[{\"@type\":\"ListItem\",\"position\":1,\"name\":\"Accueil\",\"item\":\"https:\\\/\\\/gossa.travel\\\/\"},{\"@type\":\"ListItem\",\"position\":2,\"name\":\"Tous nos voyages\",\"item\":\"https:\\\/\\\/gossa.travel\\\/nos-destinations\\\/\"},{\"@type\":\"ListItem\",\"position\":3,\"name\":\"AFRIQUE DU SUD House DUO\"}]},{\"@type\":\"WebSite\",\"@id\":\"https:\\\/\\\/gossa.travel\\\/#website\",\"url\":\"https:\\\/\\\/gossa.travel\\\/\",\"name\":\"Gossa Travel\",\"description\":\"Travel &amp; Dance\",\"publisher\":{\"@id\":\"https:\\\/\\\/gossa.travel\\\/#organization\"},\"potentialAction\":[{\"@type\":\"SearchAction\",\"target\":{\"@type\":\"EntryPoint\",\"urlTemplate\":\"https:\\\/\\\/gossa.travel\\\/?s={search_term_string}\"},\"query-input\":{\"@type\":\"PropertyValueSpecification\",\"valueRequired\":true,\"valueName\":\"search_term_string\"}}],\"inLanguage\":\"en-US\"},{\"@type\":\"Organization\",\"@id\":\"https:\\\/\\\/gossa.travel\\\/#organization\",\"name\":\"Gossa Travel\",\"url\":\"https:\\\/\\\/gossa.travel\\\/\",\"logo\":{\"@type\":\"ImageObject\",\"inLanguage\":\"en-US\",\"@id\":\"https:\\\/\\\/gossa.travel\\\/#\\\/schema\\\/logo\\\/image\\\/\",\"url\":\"https:\\\/\\\/gossa.travel\\\/wp-content\\\/uploads\\\/2022\\\/10\\\/GOSSA-TRAVEL-LOGO-1.png\",\"contentUrl\":\"https:\\\/\\\/gossa.travel\\\/wp-content\\\/uploads\\\/2022\\\/10\\\/GOSSA-TRAVEL-LOGO-1.png\",\"width\":8632,\"height\":3124,\"caption\":\"Gossa Travel\"},\"image\":{\"@id\":\"https:\\\/\\\/gossa.travel\\\/#\\\/schema\\\/logo\\\/image\\\/\"},\"sameAs\":[\"https:\\\/\\\/www.facebook.com\\\/profile.php?id=100086051238308\",\"https:\\\/\\\/www.instagram.com\\\/gossatravel\\\/\"]}]}<\/script>\n<!-- \/ Yoast SEO plugin. -->","yoast_head_json":{"title":"AFRIQUE DU SUD House DUO - Gossa Travel","description":"L\u2019AFRIQUE DU SUD avec KAPELA pour un s\u00e9jour inoubliable \u00e0 Johannesburg. Prends des cours de House et d\u00e9couvre le Pantsula, Sbujwa et le Bhenga dans le pris\u00e9 Soweto Finest Dance Studio.","robots":{"index":"index","follow":"follow","max-snippet":"max-snippet:-1","max-image-preview":"max-image-preview:large","max-video-preview":"max-video-preview:-1"},"canonical":"https:\/\/gossa.travel\/en\/product\/afrique-du-sud-house-duo\/","og_locale":"en_US","og_type":"article","og_title":"AFRIQUE DU SUD House DUO - Gossa Travel","og_description":"L\u2019AFRIQUE DU SUD avec KAPELA pour un s\u00e9jour inoubliable \u00e0 Johannesburg. Prends des cours de House et d\u00e9couvre le Pantsula, Sbujwa et le Bhenga dans le pris\u00e9 Soweto Finest Dance Studio.","og_url":"https:\/\/gossa.travel\/en\/product\/afrique-du-sud-house-duo\/","og_site_name":"Gossa Travel","article_publisher":"https:\/\/www.facebook.com\/profile.php?id=100086051238308","article_modified_time":"2023-01-19T14:09:46+00:00","og_image":[{"width":1000,"height":1000,"url":"https:\/\/gossa.travel\/wp-content\/uploads\/2022\/11\/AGRIQUE-DU-SUD-FORMULE-duo.png","type":"image\/png"}],"twitter_card":"summary_large_image","schema":{"@context":"https:\/\/schema.org","@graph":[{"@type":"WebPage","@id":"https:\/\/gossa.travel\/produit\/afrique-du-sud-house-duo\/","url":"https:\/\/gossa.travel\/produit\/afrique-du-sud-house-duo\/","name":"AFRIQUE DU SUD House DUO - Gossa Travel","isPartOf":{"@id":"https:\/\/gossa.travel\/#website"},"datePublished":"2022-11-03T18:01:41+00:00","dateModified":"2023-01-19T14:09:46+00:00","description":"L\u2019AFRIQUE DU SUD avec KAPELA pour un s\u00e9jour inoubliable \u00e0 Johannesburg. Prends des cours de House et d\u00e9couvre le Pantsula, Sbujwa et le Bhenga dans le pris\u00e9 Soweto Finest Dance Studio.","breadcrumb":{"@id":"https:\/\/gossa.travel\/produit\/afrique-du-sud-house-duo\/#breadcrumb"},"inLanguage":"en-US","potentialAction":[{"@type":"ReadAction","target":["https:\/\/gossa.travel\/produit\/afrique-du-sud-house-duo\/"]}]},{"@type":"BreadcrumbList","@id":"https:\/\/gossa.travel\/produit\/afrique-du-sud-house-duo\/#breadcrumb","itemListElement":[{"@type":"ListItem","position":1,"name":"Accueil","item":"https:\/\/gossa.travel\/"},{"@type":"ListItem","position":2,"name":"Tous nos voyages","item":"https:\/\/gossa.travel\/nos-destinations\/"},{"@type":"ListItem","position":3,"name":"AFRIQUE DU SUD House DUO"}]},{"@type":"WebSite","@id":"https:\/\/gossa.travel\/#website","url":"https:\/\/gossa.travel\/","name":"Gossa Travel","description":"Travel &amp; Dance","publisher":{"@id":"https:\/\/gossa.travel\/#organization"},"potentialAction":[{"@type":"SearchAction","target":{"@type":"EntryPoint","urlTemplate":"https:\/\/gossa.travel\/?s={search_term_string}"},"query-input":{"@type":"PropertyValueSpecification","valueRequired":true,"valueName":"search_term_string"}}],"inLanguage":"en-US"},{"@type":"Organization","@id":"https:\/\/gossa.travel\/#organization","name":"Gossa Travel","url":"https:\/\/gossa.travel\/","logo":{"@type":"ImageObject","inLanguage":"en-US","@id":"https:\/\/gossa.travel\/#\/schema\/logo\/image\/","url":"https:\/\/gossa.travel\/wp-content\/uploads\/2022\/10\/GOSSA-TRAVEL-LOGO-1.png","contentUrl":"https:\/\/gossa.travel\/wp-content\/uploads\/2022\/10\/GOSSA-TRAVEL-LOGO-1.png","width":8632,"height":3124,"caption":"Gossa Travel"},"image":{"@id":"https:\/\/gossa.travel\/#\/schema\/logo\/image\/"},"sameAs":["https:\/\/www.facebook.com\/profile.php?id=100086051238308","https:\/\/www.instagram.com\/gossatravel\/"]}]}},"_links":{"self":[{"href":"https:\/\/gossa.travel\/en\/wp-json\/wp\/v2\/product\/3124","targetHints":{"allow":["GET"]}}],"collection":[{"href":"https:\/\/gossa.travel\/en\/wp-json\/wp\/v2\/product"}],"about":[{"href":"https:\/\/gossa.travel\/en\/wp-json\/wp\/v2\/types\/product"}],"version-history":[{"count":2,"href":"https:\/\/gossa.travel\/en\/wp-json\/wp\/v2\/product\/3124\/revisions"}],"predecessor-version":[{"id":3456,"href":"https:\/\/gossa.travel\/en\/wp-json\/wp\/v2\/product\/3124\/revisions\/3456"}],"wp:attachment":[{"href":"https:\/\/gossa.travel\/en\/wp-json\/wp\/v2\/media?parent=3124"}],"wp:term":[{"taxonomy":"product_brand","embeddable":true,"href":"https:\/\/gossa.travel\/en\/wp-json\/wp\/v2\/product_brand?post=3124"},{"taxonomy":"product_cat","embeddable":true,"href":"https:\/\/gossa.travel\/en\/wp-json\/wp\/v2\/product_cat?post=3124"},{"taxonomy":"product_tag","embeddable":true,"href":"https:\/\/gossa.travel\/en\/wp-json\/wp\/v2\/product_tag?post=3124"}],"curies":[{"name":"wp","href":"https:\/\/api.w.org\/{rel}","templated":true}]}}