{"id":3630,"date":"2022-11-13T22:15:23","date_gmt":"2022-11-13T21:15:23","guid":{"rendered":"https:\/\/gossa.travel\/?post_type=product&#038;p=3630"},"modified":"2023-10-27T13:46:07","modified_gmt":"2023-10-27T11:46:07","slug":"cote-divoire2023","status":"publish","type":"product","link":"https:\/\/gossa.travel\/en\/product\/cote-divoire2023\/","title":{"rendered":"C\u00d4TE D&rsquo;IVOIRE 2023 Afro avec Boun"},"content":{"rendered":"","protected":false},"excerpt":{"rendered":"<p>Pick my package: <strong>breakfast<\/strong> or <strong>half board<\/strong> for your trip to Abidjan with BOUN from 29 April to 8 May 2023.<br \/>\nYou will be in a double room. If you go with your buddy, indicate his name in the Additional Information section at the time of payment.<\/p>\n<p><b>The price includes:<br \/>\n<\/b><\/p>\n<ul>\n<li>Le billet d&rsquo;avion aller-retour au d\u00e9part de Paris en vol direct<\/li>\n<li>Round trip airport transfer<\/li>\n<li>Accommodation in a double room at the Silver Moon Hotel (2 single beds)<\/li>\n<li>Breakfast or half board<\/li>\n<li>1 city tour<\/li>\n<li>12 hours of dance with Boun<\/li>\n<li>1 workshop with local dancers<\/li>\n<li>2 days video shooting with Boun<\/li>\n<\/ul>\n<p><b>The price does not include:<\/b><\/p>\n<ul>\n<li class=\"elementor-icon-list-item\"><span class=\"elementor-icon-list-text\">Other meals<\/span><\/li>\n<li class=\"elementor-icon-list-item\"><i class=\"fas fa-times\" aria-hidden=\"true\"><\/i><span class=\"elementor-icon-list-text\">Excursions other than the city tour<\/span><\/li>\n<li class=\"elementor-icon-list-item\"><i class=\"fas fa-times\" aria-hidden=\"true\"><\/i><span class=\"elementor-icon-list-text\">Cancellation and repatriation insurance<\/span><\/li>\n<\/ul>\n<p>Possibility to pay in installments (please contact us at hello@gossa.travel) <strong>We only accept French cheques.<\/strong><span style=\"font-family: var(--global-body-font-family);\">\u00a0<\/span><span style=\"font-family: var(--global-body-font-family);\">: paie en autant de fois que tu le souhaites. Le paiement doit \u00eatre finalis\u00e9 un mois avant le d\u00e9part.<\/span><\/p>","protected":false},"featured_media":3804,"template":"","meta":{"_kad_post_transparent":"default","_kad_post_title":"","_kad_post_layout":"default","_kad_post_sidebar_id":"","_kad_post_content_style":"default","_kad_post_vertical_padding":"default","_kad_post_feature":"","_kad_post_feature_position":"","_kad_post_header":false,"_kad_post_footer":false,"_kad_post_classname":"","_joinchat":[]},"product_brand":[],"product_cat":[27],"product_tag":[],"class_list":{"0":"post-3630","1":"product","2":"type-product","3":"status-publish","4":"has-post-thumbnail","6":"product_cat-cote-divoire","8":"first","9":"outofstock","10":"shipping-taxable","11":"purchasable","12":"product-type-variable","13":"entry","14":"content-bg","15":"loop-entry"},"yoast_head":"<!-- This site is optimized with the Yoast SEO plugin v27.4 - https:\/\/yoast.com\/product\/yoast-seo-wordpress\/ -->\n<title>C\u00d4TE D&#039;IVOIRE 2023 Afro avec Boun - Gossa Travel<\/title>\n<meta name=\"description\" content=\"Voyage en C\u00f4te d&#039;Ivoire avec Boun incluant danse, soleil, alokos et enjaillement ! Direction Abidjan, pr\u00e9pare ton meilleur d\u00e9hanch\u00e9. On t&#039;aura pr\u00e9venu !\" \/>\n<meta name=\"robots\" content=\"index, follow, max-snippet:-1, max-image-preview:large, max-video-preview:-1\" \/>\n<link rel=\"canonical\" href=\"https:\/\/gossa.travel\/en\/product\/cote-divoire2023\/\" \/>\n<meta property=\"og:locale\" content=\"en_US\" \/>\n<meta property=\"og:type\" content=\"article\" \/>\n<meta property=\"og:title\" content=\"C\u00d4TE D&#039;IVOIRE 2023 Afro avec Boun - Gossa Travel\" \/>\n<meta property=\"og:description\" content=\"Voyage en C\u00f4te d&#039;Ivoire avec Boun incluant danse, soleil, alokos et enjaillement ! Direction Abidjan, pr\u00e9pare ton meilleur d\u00e9hanch\u00e9. On t&#039;aura pr\u00e9venu !\" \/>\n<meta property=\"og:url\" content=\"https:\/\/gossa.travel\/en\/product\/cote-divoire2023\/\" \/>\n<meta property=\"og:site_name\" content=\"Gossa Travel\" \/>\n<meta property=\"article:publisher\" content=\"https:\/\/www.facebook.com\/profile.php?id=100086051238308\" \/>\n<meta property=\"article:modified_time\" content=\"2023-10-27T11:46:07+00:00\" \/>\n<meta property=\"og:image\" content=\"https:\/\/gossa.travel\/wp-content\/uploads\/2022\/11\/ABIDJAN-FORMULE-copie-min.png\" \/>\n\t<meta property=\"og:image:width\" content=\"1000\" \/>\n\t<meta property=\"og:image:height\" content=\"1000\" \/>\n\t<meta property=\"og:image:type\" content=\"image\/png\" \/>\n<meta name=\"twitter:card\" content=\"summary_large_image\" \/>\n<script type=\"application\/ld+json\" class=\"yoast-schema-graph\">{\"@context\":\"https:\\\/\\\/schema.org\",\"@graph\":[{\"@type\":\"WebPage\",\"@id\":\"https:\\\/\\\/gossa.travel\\\/produit\\\/cote-divoire2023\\\/\",\"url\":\"https:\\\/\\\/gossa.travel\\\/produit\\\/cote-divoire2023\\\/\",\"name\":\"C\u00d4TE D'IVOIRE 2023 Afro avec Boun - Gossa Travel\",\"isPartOf\":{\"@id\":\"https:\\\/\\\/gossa.travel\\\/#website\"},\"primaryImageOfPage\":{\"@id\":\"https:\\\/\\\/gossa.travel\\\/produit\\\/cote-divoire2023\\\/#primaryimage\"},\"image\":{\"@id\":\"https:\\\/\\\/gossa.travel\\\/produit\\\/cote-divoire2023\\\/#primaryimage\"},\"thumbnailUrl\":\"https:\\\/\\\/gossa.travel\\\/wp-content\\\/uploads\\\/2022\\\/11\\\/ABIDJAN-FORMULE-copie-min.png\",\"datePublished\":\"2022-11-13T21:15:23+00:00\",\"dateModified\":\"2023-10-27T11:46:07+00:00\",\"description\":\"Voyage en C\u00f4te d'Ivoire avec Boun incluant danse, soleil, alokos et enjaillement ! Direction Abidjan, pr\u00e9pare ton meilleur d\u00e9hanch\u00e9. On t'aura pr\u00e9venu !\",\"breadcrumb\":{\"@id\":\"https:\\\/\\\/gossa.travel\\\/produit\\\/cote-divoire2023\\\/#breadcrumb\"},\"inLanguage\":\"en-US\",\"potentialAction\":[{\"@type\":\"ReadAction\",\"target\":[\"https:\\\/\\\/gossa.travel\\\/produit\\\/cote-divoire2023\\\/\"]}]},{\"@type\":\"ImageObject\",\"inLanguage\":\"en-US\",\"@id\":\"https:\\\/\\\/gossa.travel\\\/produit\\\/cote-divoire2023\\\/#primaryimage\",\"url\":\"https:\\\/\\\/gossa.travel\\\/wp-content\\\/uploads\\\/2022\\\/11\\\/ABIDJAN-FORMULE-copie-min.png\",\"contentUrl\":\"https:\\\/\\\/gossa.travel\\\/wp-content\\\/uploads\\\/2022\\\/11\\\/ABIDJAN-FORMULE-copie-min.png\",\"width\":1000,\"height\":1000},{\"@type\":\"BreadcrumbList\",\"@id\":\"https:\\\/\\\/gossa.travel\\\/produit\\\/cote-divoire2023\\\/#breadcrumb\",\"itemListElement\":[{\"@type\":\"ListItem\",\"position\":1,\"name\":\"Accueil\",\"item\":\"https:\\\/\\\/gossa.travel\\\/\"},{\"@type\":\"ListItem\",\"position\":2,\"name\":\"Tous nos voyages\",\"item\":\"https:\\\/\\\/gossa.travel\\\/nos-destinations\\\/\"},{\"@type\":\"ListItem\",\"position\":3,\"name\":\"C\u00d4TE D&#8217;IVOIRE 2023 Afro avec Boun\"}]},{\"@type\":\"WebSite\",\"@id\":\"https:\\\/\\\/gossa.travel\\\/#website\",\"url\":\"https:\\\/\\\/gossa.travel\\\/\",\"name\":\"Gossa Travel\",\"description\":\"Travel &amp; Dance\",\"publisher\":{\"@id\":\"https:\\\/\\\/gossa.travel\\\/#organization\"},\"potentialAction\":[{\"@type\":\"SearchAction\",\"target\":{\"@type\":\"EntryPoint\",\"urlTemplate\":\"https:\\\/\\\/gossa.travel\\\/?s={search_term_string}\"},\"query-input\":{\"@type\":\"PropertyValueSpecification\",\"valueRequired\":true,\"valueName\":\"search_term_string\"}}],\"inLanguage\":\"en-US\"},{\"@type\":\"Organization\",\"@id\":\"https:\\\/\\\/gossa.travel\\\/#organization\",\"name\":\"Gossa Travel\",\"url\":\"https:\\\/\\\/gossa.travel\\\/\",\"logo\":{\"@type\":\"ImageObject\",\"inLanguage\":\"en-US\",\"@id\":\"https:\\\/\\\/gossa.travel\\\/#\\\/schema\\\/logo\\\/image\\\/\",\"url\":\"https:\\\/\\\/gossa.travel\\\/wp-content\\\/uploads\\\/2022\\\/10\\\/GOSSA-TRAVEL-LOGO-1.png\",\"contentUrl\":\"https:\\\/\\\/gossa.travel\\\/wp-content\\\/uploads\\\/2022\\\/10\\\/GOSSA-TRAVEL-LOGO-1.png\",\"width\":8632,\"height\":3124,\"caption\":\"Gossa Travel\"},\"image\":{\"@id\":\"https:\\\/\\\/gossa.travel\\\/#\\\/schema\\\/logo\\\/image\\\/\"},\"sameAs\":[\"https:\\\/\\\/www.facebook.com\\\/profile.php?id=100086051238308\",\"https:\\\/\\\/www.instagram.com\\\/gossatravel\\\/\"]}]}<\/script>\n<!-- \/ Yoast SEO plugin. -->","yoast_head_json":{"title":"C\u00d4TE D'IVOIRE 2023 Afro avec Boun - Gossa Travel","description":"Voyage en C\u00f4te d'Ivoire avec Boun incluant danse, soleil, alokos et enjaillement ! Direction Abidjan, pr\u00e9pare ton meilleur d\u00e9hanch\u00e9. On t'aura pr\u00e9venu !","robots":{"index":"index","follow":"follow","max-snippet":"max-snippet:-1","max-image-preview":"max-image-preview:large","max-video-preview":"max-video-preview:-1"},"canonical":"https:\/\/gossa.travel\/en\/product\/cote-divoire2023\/","og_locale":"en_US","og_type":"article","og_title":"C\u00d4TE D'IVOIRE 2023 Afro avec Boun - Gossa Travel","og_description":"Voyage en C\u00f4te d'Ivoire avec Boun incluant danse, soleil, alokos et enjaillement ! Direction Abidjan, pr\u00e9pare ton meilleur d\u00e9hanch\u00e9. On t'aura pr\u00e9venu !","og_url":"https:\/\/gossa.travel\/en\/product\/cote-divoire2023\/","og_site_name":"Gossa Travel","article_publisher":"https:\/\/www.facebook.com\/profile.php?id=100086051238308","article_modified_time":"2023-10-27T11:46:07+00:00","og_image":[{"width":1000,"height":1000,"url":"https:\/\/gossa.travel\/wp-content\/uploads\/2022\/11\/ABIDJAN-FORMULE-copie-min.png","type":"image\/png"}],"twitter_card":"summary_large_image","schema":{"@context":"https:\/\/schema.org","@graph":[{"@type":"WebPage","@id":"https:\/\/gossa.travel\/produit\/cote-divoire2023\/","url":"https:\/\/gossa.travel\/produit\/cote-divoire2023\/","name":"C\u00d4TE D'IVOIRE 2023 Afro avec Boun - Gossa Travel","isPartOf":{"@id":"https:\/\/gossa.travel\/#website"},"primaryImageOfPage":{"@id":"https:\/\/gossa.travel\/produit\/cote-divoire2023\/#primaryimage"},"image":{"@id":"https:\/\/gossa.travel\/produit\/cote-divoire2023\/#primaryimage"},"thumbnailUrl":"https:\/\/gossa.travel\/wp-content\/uploads\/2022\/11\/ABIDJAN-FORMULE-copie-min.png","datePublished":"2022-11-13T21:15:23+00:00","dateModified":"2023-10-27T11:46:07+00:00","description":"Voyage en C\u00f4te d'Ivoire avec Boun incluant danse, soleil, alokos et enjaillement ! Direction Abidjan, pr\u00e9pare ton meilleur d\u00e9hanch\u00e9. On t'aura pr\u00e9venu !","breadcrumb":{"@id":"https:\/\/gossa.travel\/produit\/cote-divoire2023\/#breadcrumb"},"inLanguage":"en-US","potentialAction":[{"@type":"ReadAction","target":["https:\/\/gossa.travel\/produit\/cote-divoire2023\/"]}]},{"@type":"ImageObject","inLanguage":"en-US","@id":"https:\/\/gossa.travel\/produit\/cote-divoire2023\/#primaryimage","url":"https:\/\/gossa.travel\/wp-content\/uploads\/2022\/11\/ABIDJAN-FORMULE-copie-min.png","contentUrl":"https:\/\/gossa.travel\/wp-content\/uploads\/2022\/11\/ABIDJAN-FORMULE-copie-min.png","width":1000,"height":1000},{"@type":"BreadcrumbList","@id":"https:\/\/gossa.travel\/produit\/cote-divoire2023\/#breadcrumb","itemListElement":[{"@type":"ListItem","position":1,"name":"Accueil","item":"https:\/\/gossa.travel\/"},{"@type":"ListItem","position":2,"name":"Tous nos voyages","item":"https:\/\/gossa.travel\/nos-destinations\/"},{"@type":"ListItem","position":3,"name":"C\u00d4TE D&#8217;IVOIRE 2023 Afro avec Boun"}]},{"@type":"WebSite","@id":"https:\/\/gossa.travel\/#website","url":"https:\/\/gossa.travel\/","name":"Gossa Travel","description":"Travel &amp; Dance","publisher":{"@id":"https:\/\/gossa.travel\/#organization"},"potentialAction":[{"@type":"SearchAction","target":{"@type":"EntryPoint","urlTemplate":"https:\/\/gossa.travel\/?s={search_term_string}"},"query-input":{"@type":"PropertyValueSpecification","valueRequired":true,"valueName":"search_term_string"}}],"inLanguage":"en-US"},{"@type":"Organization","@id":"https:\/\/gossa.travel\/#organization","name":"Gossa Travel","url":"https:\/\/gossa.travel\/","logo":{"@type":"ImageObject","inLanguage":"en-US","@id":"https:\/\/gossa.travel\/#\/schema\/logo\/image\/","url":"https:\/\/gossa.travel\/wp-content\/uploads\/2022\/10\/GOSSA-TRAVEL-LOGO-1.png","contentUrl":"https:\/\/gossa.travel\/wp-content\/uploads\/2022\/10\/GOSSA-TRAVEL-LOGO-1.png","width":8632,"height":3124,"caption":"Gossa Travel"},"image":{"@id":"https:\/\/gossa.travel\/#\/schema\/logo\/image\/"},"sameAs":["https:\/\/www.facebook.com\/profile.php?id=100086051238308","https:\/\/www.instagram.com\/gossatravel\/"]}]}},"_links":{"self":[{"href":"https:\/\/gossa.travel\/en\/wp-json\/wp\/v2\/product\/3630","targetHints":{"allow":["GET"]}}],"collection":[{"href":"https:\/\/gossa.travel\/en\/wp-json\/wp\/v2\/product"}],"about":[{"href":"https:\/\/gossa.travel\/en\/wp-json\/wp\/v2\/types\/product"}],"version-history":[{"count":5,"href":"https:\/\/gossa.travel\/en\/wp-json\/wp\/v2\/product\/3630\/revisions"}],"predecessor-version":[{"id":4493,"href":"https:\/\/gossa.travel\/en\/wp-json\/wp\/v2\/product\/3630\/revisions\/4493"}],"wp:featuredmedia":[{"embeddable":true,"href":"https:\/\/gossa.travel\/en\/wp-json\/wp\/v2\/media\/3804"}],"wp:attachment":[{"href":"https:\/\/gossa.travel\/en\/wp-json\/wp\/v2\/media?parent=3630"}],"wp:term":[{"taxonomy":"product_brand","embeddable":true,"href":"https:\/\/gossa.travel\/en\/wp-json\/wp\/v2\/product_brand?post=3630"},{"taxonomy":"product_cat","embeddable":true,"href":"https:\/\/gossa.travel\/en\/wp-json\/wp\/v2\/product_cat?post=3630"},{"taxonomy":"product_tag","embeddable":true,"href":"https:\/\/gossa.travel\/en\/wp-json\/wp\/v2\/product_tag?post=3630"}],"curies":[{"name":"wp","href":"https:\/\/api.w.org\/{rel}","templated":true}]}}