{"id":5757,"date":"2025-02-13T12:31:51","date_gmt":"2025-02-13T11:31:51","guid":{"rendered":"https:\/\/gossa.travel\/?post_type=product&#038;p=5757"},"modified":"2026-04-03T11:36:14","modified_gmt":"2026-04-03T09:36:14","slug":"afrique-du-sud-camp-amapiano-2026-en-formule-petit-dejeuner-danseur","status":"publish","type":"product","link":"https:\/\/gossa.travel\/en\/product\/afrique-du-sud-camp-amapiano-2026-en-formule-petit-dejeuner-danseur\/","title":{"rendered":"AFRIQUE DU SUD : Camp Amapiano 2026 en Formule Petit-d\u00e9jeuner &#8211; DANSEUR"},"content":{"rendered":"","protected":false},"excerpt":{"rendered":"<p><b>The price includes:<\/b><\/p>\n<ul>\n<li class=\"elementor-icon-list-item\"><span class=\"elementor-icon-list-text\">7 nights at the Reef Hotel in a shared double room, with 2 single beds or one double bed<\/span><\/li>\n<li class=\"elementor-icon-list-item\"><i class=\"fas fa-check\" aria-hidden=\"true\"><\/i><span class=\"elementor-icon-list-text\">Breakfast and dinner at Reef Hotel<\/span><\/li>\n<li class=\"elementor-icon-list-item\"><i class=\"fas fa-check\" aria-hidden=\"true\"><\/i><span class=\"elementor-icon-list-text\">12hrs of dance in studio and outdoor<\/span><\/li>\n<li class=\"elementor-icon-list-item\"><i class=\"fas fa-check\" aria-hidden=\"true\"><\/i><span class=\"elementor-icon-list-text\">1 Cultural tour of Soweto<\/span><\/li>\n<li class=\"elementor-icon-list-item\"><i class=\"fas fa-check\" aria-hidden=\"true\"><\/i><span class=\"elementor-icon-list-text\">le projet vid\u00e9o avec le mentor<\/span><i class=\"fas fa-check\" aria-hidden=\"true\"><\/i><\/li>\n<\/ul>\n<p><b>The price does not include:<\/b><\/p>\n<ul>\n<li class=\"elementor-icon-list-item\"><span class=\"elementor-icon-list-text\">Flight ticket<\/span><\/li>\n<li class=\"elementor-icon-list-item\"><i class=\"fas fa-times\" aria-hidden=\"true\"><\/i><span class=\"elementor-icon-list-text\">Airport transfer<\/span><\/li>\n<li class=\"elementor-icon-list-item\"><i class=\"fas fa-times\" aria-hidden=\"true\"><\/i><span class=\"elementor-icon-list-text\">Meals other breakfast<\/span><\/li>\n<li class=\"elementor-icon-list-item\"><i class=\"fas fa-times\" aria-hidden=\"true\"><\/i><span class=\"elementor-icon-list-text\">Cancellation and repatriation insurance<\/span><\/li>\n<li class=\"elementor-icon-list-item\"><i class=\"fas fa-times\" aria-hidden=\"true\"><\/i><span class=\"elementor-icon-list-text\">Excursions other than Soweto Tour<\/span><\/li>\n<li class=\"elementor-icon-list-item\"><i class=\"fas fa-times\" aria-hidden=\"true\"><\/i><span class=\"elementor-icon-list-text\">Entree fees to parties\u00a0<\/span><\/li>\n<li>The extra cost to be in a single room alone<\/li>\n<\/ul>\n<p><strong><span style=\"text-decoration: underline;\">Tip :<\/span> Pay in several installments with PayPal.<\/strong><\/p>","protected":false},"featured_media":5808,"template":"","meta":{"_kad_post_transparent":"default","_kad_post_title":"hide","_kad_post_layout":"fullwidth","_kad_post_sidebar_id":"","_kad_post_content_style":"unboxed","_kad_post_vertical_padding":"hide","_kad_post_feature":"hide","_kad_post_feature_position":"","_kad_post_header":false,"_kad_post_footer":false,"_kad_post_classname":"","_joinchat":[]},"product_brand":[],"product_cat":[26],"product_tag":[],"class_list":{"0":"post-5757","1":"product","2":"type-product","3":"status-publish","4":"has-post-thumbnail","6":"product_cat-afrique-du-sud","8":"first","9":"instock","10":"virtual","11":"sold-individually","12":"purchasable","13":"product-type-simple","14":"entry","15":"content-bg","16":"loop-entry"},"yoast_head":"<!-- This site is optimized with the Yoast SEO plugin v27.5 - https:\/\/yoast.com\/product\/yoast-seo-wordpress\/ -->\n<title>AFRIQUE DU SUD : Camp Amapiano 2026 en Formule Petit-d\u00e9jeuner - DANSEUR - Gossa Travel<\/title>\n<meta name=\"description\" content=\"L\u2019AFRIQUE DU SUD pour un s\u00e9jour inoubliable \u00e0 Johannesburg. Prends des cours d&#039;Amapiano, Pantsula et autres styles afro populaires \u00e0 Jozie !\" \/>\n<meta name=\"robots\" content=\"index, follow, max-snippet:-1, max-image-preview:large, max-video-preview:-1\" \/>\n<link rel=\"canonical\" href=\"https:\/\/gossa.travel\/en\/product\/afrique-du-sud-camp-amapiano-2026-en-formule-petit-dejeuner-danseur\/\" \/>\n<meta property=\"og:locale\" content=\"en_US\" \/>\n<meta property=\"og:type\" content=\"article\" \/>\n<meta property=\"og:title\" content=\"AFRIQUE DU SUD : Camp Amapiano 2026 en Formule Petit-d\u00e9jeuner - DANSEUR - Gossa Travel\" \/>\n<meta property=\"og:description\" content=\"L\u2019AFRIQUE DU SUD pour un s\u00e9jour inoubliable \u00e0 Johannesburg. Prends des cours d&#039;Amapiano, Pantsula et autres styles afro populaires \u00e0 Jozie !\" \/>\n<meta property=\"og:url\" content=\"https:\/\/gossa.travel\/en\/product\/afrique-du-sud-camp-amapiano-2026-en-formule-petit-dejeuner-danseur\/\" \/>\n<meta property=\"og:site_name\" content=\"Gossa Travel\" \/>\n<meta property=\"article:publisher\" content=\"https:\/\/www.facebook.com\/profile.php?id=100086051238308\" \/>\n<meta property=\"article:modified_time\" content=\"2026-04-03T09:36:14+00:00\" \/>\n<meta property=\"og:image\" content=\"https:\/\/gossa.travel\/wp-content\/uploads\/2025\/02\/carre-site.png\" \/>\n\t<meta property=\"og:image:width\" content=\"500\" \/>\n\t<meta property=\"og:image:height\" content=\"500\" \/>\n\t<meta property=\"og:image:type\" content=\"image\/png\" \/>\n<meta name=\"twitter:card\" content=\"summary_large_image\" \/>\n<meta name=\"twitter:label1\" content=\"Est. reading time\" \/>\n\t<meta name=\"twitter:data1\" content=\"1 minute\" \/>\n<script type=\"application\/ld+json\" class=\"yoast-schema-graph\">{\"@context\":\"https:\\\/\\\/schema.org\",\"@graph\":[{\"@type\":\"WebPage\",\"@id\":\"https:\\\/\\\/gossa.travel\\\/produit\\\/afrique-du-sud-camp-amapiano-2026-en-formule-petit-dejeuner-danseur\\\/\",\"url\":\"https:\\\/\\\/gossa.travel\\\/produit\\\/afrique-du-sud-camp-amapiano-2026-en-formule-petit-dejeuner-danseur\\\/\",\"name\":\"AFRIQUE DU SUD : Camp Amapiano 2026 en Formule Petit-d\u00e9jeuner - DANSEUR - Gossa Travel\",\"isPartOf\":{\"@id\":\"https:\\\/\\\/gossa.travel\\\/#website\"},\"primaryImageOfPage\":{\"@id\":\"https:\\\/\\\/gossa.travel\\\/produit\\\/afrique-du-sud-camp-amapiano-2026-en-formule-petit-dejeuner-danseur\\\/#primaryimage\"},\"image\":{\"@id\":\"https:\\\/\\\/gossa.travel\\\/produit\\\/afrique-du-sud-camp-amapiano-2026-en-formule-petit-dejeuner-danseur\\\/#primaryimage\"},\"thumbnailUrl\":\"https:\\\/\\\/gossa.travel\\\/wp-content\\\/uploads\\\/2025\\\/02\\\/carre-site.png\",\"datePublished\":\"2025-02-13T11:31:51+00:00\",\"dateModified\":\"2026-04-03T09:36:14+00:00\",\"description\":\"L\u2019AFRIQUE DU SUD pour un s\u00e9jour inoubliable \u00e0 Johannesburg. Prends des cours d'Amapiano, Pantsula et autres styles afro populaires \u00e0 Jozie !\",\"breadcrumb\":{\"@id\":\"https:\\\/\\\/gossa.travel\\\/produit\\\/afrique-du-sud-camp-amapiano-2026-en-formule-petit-dejeuner-danseur\\\/#breadcrumb\"},\"inLanguage\":\"en-US\",\"potentialAction\":[{\"@type\":\"ReadAction\",\"target\":[\"https:\\\/\\\/gossa.travel\\\/produit\\\/afrique-du-sud-camp-amapiano-2026-en-formule-petit-dejeuner-danseur\\\/\"]}]},{\"@type\":\"ImageObject\",\"inLanguage\":\"en-US\",\"@id\":\"https:\\\/\\\/gossa.travel\\\/produit\\\/afrique-du-sud-camp-amapiano-2026-en-formule-petit-dejeuner-danseur\\\/#primaryimage\",\"url\":\"https:\\\/\\\/gossa.travel\\\/wp-content\\\/uploads\\\/2025\\\/02\\\/carre-site.png\",\"contentUrl\":\"https:\\\/\\\/gossa.travel\\\/wp-content\\\/uploads\\\/2025\\\/02\\\/carre-site.png\",\"width\":500,\"height\":500},{\"@type\":\"BreadcrumbList\",\"@id\":\"https:\\\/\\\/gossa.travel\\\/produit\\\/afrique-du-sud-camp-amapiano-2026-en-formule-petit-dejeuner-danseur\\\/#breadcrumb\",\"itemListElement\":[{\"@type\":\"ListItem\",\"position\":1,\"name\":\"Accueil\",\"item\":\"https:\\\/\\\/gossa.travel\\\/\"},{\"@type\":\"ListItem\",\"position\":2,\"name\":\"Tous nos voyages\",\"item\":\"https:\\\/\\\/gossa.travel\\\/nos-destinations\\\/\"},{\"@type\":\"ListItem\",\"position\":3,\"name\":\"AFRIQUE DU SUD : Camp Amapiano 2026 en Formule Petit-d\u00e9jeuner &#8211; DANSEUR\"}]},{\"@type\":\"WebSite\",\"@id\":\"https:\\\/\\\/gossa.travel\\\/#website\",\"url\":\"https:\\\/\\\/gossa.travel\\\/\",\"name\":\"Gossa Travel\",\"description\":\"Travel &amp; Dance\",\"publisher\":{\"@id\":\"https:\\\/\\\/gossa.travel\\\/#organization\"},\"potentialAction\":[{\"@type\":\"SearchAction\",\"target\":{\"@type\":\"EntryPoint\",\"urlTemplate\":\"https:\\\/\\\/gossa.travel\\\/?s={search_term_string}\"},\"query-input\":{\"@type\":\"PropertyValueSpecification\",\"valueRequired\":true,\"valueName\":\"search_term_string\"}}],\"inLanguage\":\"en-US\"},{\"@type\":\"Organization\",\"@id\":\"https:\\\/\\\/gossa.travel\\\/#organization\",\"name\":\"Gossa Travel\",\"url\":\"https:\\\/\\\/gossa.travel\\\/\",\"logo\":{\"@type\":\"ImageObject\",\"inLanguage\":\"en-US\",\"@id\":\"https:\\\/\\\/gossa.travel\\\/#\\\/schema\\\/logo\\\/image\\\/\",\"url\":\"https:\\\/\\\/gossa.travel\\\/wp-content\\\/uploads\\\/2022\\\/10\\\/GOSSA-TRAVEL-LOGO-1.png\",\"contentUrl\":\"https:\\\/\\\/gossa.travel\\\/wp-content\\\/uploads\\\/2022\\\/10\\\/GOSSA-TRAVEL-LOGO-1.png\",\"width\":8632,\"height\":3124,\"caption\":\"Gossa Travel\"},\"image\":{\"@id\":\"https:\\\/\\\/gossa.travel\\\/#\\\/schema\\\/logo\\\/image\\\/\"},\"sameAs\":[\"https:\\\/\\\/www.facebook.com\\\/profile.php?id=100086051238308\",\"https:\\\/\\\/www.instagram.com\\\/gossatravel\\\/\"]}]}<\/script>\n<!-- \/ Yoast SEO plugin. -->","yoast_head_json":{"title":"AFRIQUE DU SUD : Camp Amapiano 2026 en Formule Petit-d\u00e9jeuner - DANSEUR - Gossa Travel","description":"L\u2019AFRIQUE DU SUD pour un s\u00e9jour inoubliable \u00e0 Johannesburg. Prends des cours d'Amapiano, Pantsula et autres styles afro populaires \u00e0 Jozie !","robots":{"index":"index","follow":"follow","max-snippet":"max-snippet:-1","max-image-preview":"max-image-preview:large","max-video-preview":"max-video-preview:-1"},"canonical":"https:\/\/gossa.travel\/en\/product\/afrique-du-sud-camp-amapiano-2026-en-formule-petit-dejeuner-danseur\/","og_locale":"en_US","og_type":"article","og_title":"AFRIQUE DU SUD : Camp Amapiano 2026 en Formule Petit-d\u00e9jeuner - DANSEUR - Gossa Travel","og_description":"L\u2019AFRIQUE DU SUD pour un s\u00e9jour inoubliable \u00e0 Johannesburg. Prends des cours d'Amapiano, Pantsula et autres styles afro populaires \u00e0 Jozie !","og_url":"https:\/\/gossa.travel\/en\/product\/afrique-du-sud-camp-amapiano-2026-en-formule-petit-dejeuner-danseur\/","og_site_name":"Gossa Travel","article_publisher":"https:\/\/www.facebook.com\/profile.php?id=100086051238308","article_modified_time":"2026-04-03T09:36:14+00:00","og_image":[{"width":500,"height":500,"url":"https:\/\/gossa.travel\/wp-content\/uploads\/2025\/02\/carre-site.png","type":"image\/png"}],"twitter_card":"summary_large_image","twitter_misc":{"Est. reading time":"1 minute"},"schema":{"@context":"https:\/\/schema.org","@graph":[{"@type":"WebPage","@id":"https:\/\/gossa.travel\/produit\/afrique-du-sud-camp-amapiano-2026-en-formule-petit-dejeuner-danseur\/","url":"https:\/\/gossa.travel\/produit\/afrique-du-sud-camp-amapiano-2026-en-formule-petit-dejeuner-danseur\/","name":"AFRIQUE DU SUD : Camp Amapiano 2026 en Formule Petit-d\u00e9jeuner - DANSEUR - Gossa Travel","isPartOf":{"@id":"https:\/\/gossa.travel\/#website"},"primaryImageOfPage":{"@id":"https:\/\/gossa.travel\/produit\/afrique-du-sud-camp-amapiano-2026-en-formule-petit-dejeuner-danseur\/#primaryimage"},"image":{"@id":"https:\/\/gossa.travel\/produit\/afrique-du-sud-camp-amapiano-2026-en-formule-petit-dejeuner-danseur\/#primaryimage"},"thumbnailUrl":"https:\/\/gossa.travel\/wp-content\/uploads\/2025\/02\/carre-site.png","datePublished":"2025-02-13T11:31:51+00:00","dateModified":"2026-04-03T09:36:14+00:00","description":"L\u2019AFRIQUE DU SUD pour un s\u00e9jour inoubliable \u00e0 Johannesburg. Prends des cours d'Amapiano, Pantsula et autres styles afro populaires \u00e0 Jozie !","breadcrumb":{"@id":"https:\/\/gossa.travel\/produit\/afrique-du-sud-camp-amapiano-2026-en-formule-petit-dejeuner-danseur\/#breadcrumb"},"inLanguage":"en-US","potentialAction":[{"@type":"ReadAction","target":["https:\/\/gossa.travel\/produit\/afrique-du-sud-camp-amapiano-2026-en-formule-petit-dejeuner-danseur\/"]}]},{"@type":"ImageObject","inLanguage":"en-US","@id":"https:\/\/gossa.travel\/produit\/afrique-du-sud-camp-amapiano-2026-en-formule-petit-dejeuner-danseur\/#primaryimage","url":"https:\/\/gossa.travel\/wp-content\/uploads\/2025\/02\/carre-site.png","contentUrl":"https:\/\/gossa.travel\/wp-content\/uploads\/2025\/02\/carre-site.png","width":500,"height":500},{"@type":"BreadcrumbList","@id":"https:\/\/gossa.travel\/produit\/afrique-du-sud-camp-amapiano-2026-en-formule-petit-dejeuner-danseur\/#breadcrumb","itemListElement":[{"@type":"ListItem","position":1,"name":"Accueil","item":"https:\/\/gossa.travel\/"},{"@type":"ListItem","position":2,"name":"Tous nos voyages","item":"https:\/\/gossa.travel\/nos-destinations\/"},{"@type":"ListItem","position":3,"name":"AFRIQUE DU SUD : Camp Amapiano 2026 en Formule Petit-d\u00e9jeuner &#8211; DANSEUR"}]},{"@type":"WebSite","@id":"https:\/\/gossa.travel\/#website","url":"https:\/\/gossa.travel\/","name":"Gossa Travel","description":"Travel &amp; Dance","publisher":{"@id":"https:\/\/gossa.travel\/#organization"},"potentialAction":[{"@type":"SearchAction","target":{"@type":"EntryPoint","urlTemplate":"https:\/\/gossa.travel\/?s={search_term_string}"},"query-input":{"@type":"PropertyValueSpecification","valueRequired":true,"valueName":"search_term_string"}}],"inLanguage":"en-US"},{"@type":"Organization","@id":"https:\/\/gossa.travel\/#organization","name":"Gossa Travel","url":"https:\/\/gossa.travel\/","logo":{"@type":"ImageObject","inLanguage":"en-US","@id":"https:\/\/gossa.travel\/#\/schema\/logo\/image\/","url":"https:\/\/gossa.travel\/wp-content\/uploads\/2022\/10\/GOSSA-TRAVEL-LOGO-1.png","contentUrl":"https:\/\/gossa.travel\/wp-content\/uploads\/2022\/10\/GOSSA-TRAVEL-LOGO-1.png","width":8632,"height":3124,"caption":"Gossa Travel"},"image":{"@id":"https:\/\/gossa.travel\/#\/schema\/logo\/image\/"},"sameAs":["https:\/\/www.facebook.com\/profile.php?id=100086051238308","https:\/\/www.instagram.com\/gossatravel\/"]}]}},"_links":{"self":[{"href":"https:\/\/gossa.travel\/en\/wp-json\/wp\/v2\/product\/5757","targetHints":{"allow":["GET"]}}],"collection":[{"href":"https:\/\/gossa.travel\/en\/wp-json\/wp\/v2\/product"}],"about":[{"href":"https:\/\/gossa.travel\/en\/wp-json\/wp\/v2\/types\/product"}],"version-history":[{"count":6,"href":"https:\/\/gossa.travel\/en\/wp-json\/wp\/v2\/product\/5757\/revisions"}],"predecessor-version":[{"id":5759,"href":"https:\/\/gossa.travel\/en\/wp-json\/wp\/v2\/product\/5757\/revisions\/5759"}],"wp:featuredmedia":[{"embeddable":true,"href":"https:\/\/gossa.travel\/en\/wp-json\/wp\/v2\/media\/5808"}],"wp:attachment":[{"href":"https:\/\/gossa.travel\/en\/wp-json\/wp\/v2\/media?parent=5757"}],"wp:term":[{"taxonomy":"product_brand","embeddable":true,"href":"https:\/\/gossa.travel\/en\/wp-json\/wp\/v2\/product_brand?post=5757"},{"taxonomy":"product_cat","embeddable":true,"href":"https:\/\/gossa.travel\/en\/wp-json\/wp\/v2\/product_cat?post=5757"},{"taxonomy":"product_tag","embeddable":true,"href":"https:\/\/gossa.travel\/en\/wp-json\/wp\/v2\/product_tag?post=5757"}],"curies":[{"name":"wp","href":"https:\/\/api.w.org\/{rel}","templated":true}]}}